{"id":486,"date":"2023-10-27T13:51:18","date_gmt":"2023-10-27T13:51:18","guid":{"rendered":"https:\/\/stefanwelsch.de\/?page_id=486"},"modified":"2023-11-22T08:11:11","modified_gmt":"2023-11-22T08:11:11","slug":"impressum","status":"publish","type":"page","link":"https:\/\/stefanwelsch.de\/en\/impressum","title":{"rendered":"Imprint"},"content":{"rendered":"<div data-elementor-type=\"wp-page\" data-elementor-id=\"486\" class=\"elementor elementor-486\" data-elementor-post-type=\"page\">\n\t\t\t\t\t\t<section class=\"elementor-section elementor-top-section elementor-element elementor-element-34860105 elementor-section-boxed elementor-section-height-default elementor-section-height-default\" data-id=\"34860105\" data-element_type=\"section\">\n\t\t\t\t\t\t<div class=\"elementor-container elementor-column-gap-default\">\n\t\t\t\t\t<div class=\"elementor-column elementor-col-100 elementor-top-column elementor-element elementor-element-1149561d\" data-id=\"1149561d\" data-element_type=\"column\">\n\t\t\t<div class=\"elementor-widget-wrap elementor-element-populated\">\n\t\t\t\t\t\t<div class=\"elementor-element elementor-element-43baa740 elementor-widget elementor-widget-heading\" data-id=\"43baa740\" data-element_type=\"widget\" data-widget_type=\"heading.default\">\n\t\t\t\t<div class=\"elementor-widget-container\">\n\t\t\t\t\t<h1 class=\"elementor-heading-title elementor-size-default\">Imprint<\/h1>\t\t\t\t<\/div>\n\t\t\t\t<\/div>\n\t\t\t\t<div class=\"elementor-element elementor-element-d9ff9c4 elementor-widget elementor-widget-heading\" data-id=\"d9ff9c4\" data-element_type=\"widget\" data-widget_type=\"heading.default\">\n\t\t\t\t<div class=\"elementor-widget-container\">\n\t\t\t\t\t<h3 class=\"elementor-heading-title elementor-size-default\">Information in accordance with \u00a7 5 TMG<\/h3>\t\t\t\t<\/div>\n\t\t\t\t<\/div>\n\t\t\t\t<div class=\"elementor-element elementor-element-4ee22b4 elementor-widget elementor-widget-text-editor\" data-id=\"4ee22b4\" data-element_type=\"widget\" data-widget_type=\"text-editor.default\">\n\t\t\t\t<div class=\"elementor-widget-container\">\n\t\t\t\t\t\t\t\t\t<p>Stefan Welsch<br \/>Elgendorfer Str. 3<br \/>D-56410 Montabaur<\/p>\t\t\t\t\t\t\t\t<\/div>\n\t\t\t\t<\/div>\n\t\t\t\t<div class=\"elementor-element elementor-element-b12a659 elementor-widget elementor-widget-heading\" data-id=\"b12a659\" data-element_type=\"widget\" data-widget_type=\"heading.default\">\n\t\t\t\t<div class=\"elementor-widget-container\">\n\t\t\t\t\t<h3 class=\"elementor-heading-title elementor-size-default\">Contact<\/h3>\t\t\t\t<\/div>\n\t\t\t\t<\/div>\n\t\t\t\t<div class=\"elementor-element elementor-element-8261927 elementor-widget elementor-widget-text-editor\" data-id=\"8261927\" data-element_type=\"widget\" data-widget_type=\"text-editor.default\">\n\t\t\t\t<div class=\"elementor-widget-container\">\n\t\t\t\t\t\t\t\t\t<p>Phone: +49 172 77 19 348<br \/>E-Mail: stefan@welsch-itm.de<br \/>Internet address:\u00a0<a href=\"https:\/\/stefanwelsch.de\/en\/\" target=\"_blank\" rel=\"noopener\">stefanwelsch.de<\/a><\/p>\t\t\t\t\t\t\t\t<\/div>\n\t\t\t\t<\/div>\n\t\t\t\t<div class=\"elementor-element elementor-element-bd04b99 elementor-widget elementor-widget-heading\" data-id=\"bd04b99\" data-element_type=\"widget\" data-widget_type=\"heading.default\">\n\t\t\t\t<div class=\"elementor-widget-container\">\n\t\t\t\t\t<h3 class=\"elementor-heading-title elementor-size-default\">Verbraucherstreitbeilegung \/Universalschlichtungsstelle<\/h3>\t\t\t\t<\/div>\n\t\t\t\t<\/div>\n\t\t\t\t<div class=\"elementor-element elementor-element-afe8c11 elementor-widget elementor-widget-text-editor\" data-id=\"afe8c11\" data-element_type=\"widget\" data-widget_type=\"text-editor.default\">\n\t\t\t\t<div class=\"elementor-widget-container\">\n\t\t\t\t\t\t\t\t\t<p>We are not willing or obliged to participate in dispute resolution proceedings before a consumer arbitration board.<\/p>\t\t\t\t\t\t\t\t<\/div>\n\t\t\t\t<\/div>\n\t\t\t\t<div class=\"elementor-element elementor-element-141e2cd elementor-widget elementor-widget-heading\" data-id=\"141e2cd\" data-element_type=\"widget\" data-widget_type=\"heading.default\">\n\t\t\t\t<div class=\"elementor-widget-container\">\n\t\t\t\t\t<h3 class=\"elementor-heading-title elementor-size-default\">Accountability for content<\/h3>\t\t\t\t<\/div>\n\t\t\t\t<\/div>\n\t\t\t\t<div class=\"elementor-element elementor-element-0c9ec07 elementor-widget elementor-widget-text-editor\" data-id=\"0c9ec07\" data-element_type=\"widget\" data-widget_type=\"text-editor.default\">\n\t\t\t\t<div class=\"elementor-widget-container\">\n\t\t\t\t\t\t\t\t\t<p>As a service provider, we are responsible for our own content on these pages in accordance with general law in accordance with Section 7 (1) of the German Telemedia Act. According to \u00a7\u00a7 8 to 10 TMG, as a service provider, we are not obliged to monitor transmitted or stored third-party information or to research circumstances that indicate illegal activity.<br \/>Obligations to remove or block the use of information in accordance with general laws remain unaffected. Liability in this regard is only possible from the point in time at which we become aware of a specific legal violation. We will remove this content immediately upon becoming aware of such legal violations.<\/p>\t\t\t\t\t\t\t\t<\/div>\n\t\t\t\t<\/div>\n\t\t\t\t<div class=\"elementor-element elementor-element-c74b11b elementor-widget elementor-widget-heading\" data-id=\"c74b11b\" data-element_type=\"widget\" data-widget_type=\"heading.default\">\n\t\t\t\t<div class=\"elementor-widget-container\">\n\t\t\t\t\t<h3 class=\"elementor-heading-title elementor-size-default\">Accountability for links<\/h3>\t\t\t\t<\/div>\n\t\t\t\t<\/div>\n\t\t\t\t<div class=\"elementor-element elementor-element-2041879 elementor-widget elementor-widget-text-editor\" data-id=\"2041879\" data-element_type=\"widget\" data-widget_type=\"text-editor.default\">\n\t\t\t\t<div class=\"elementor-widget-container\">\n\t\t\t\t\t\t\t\t\t<p>Our offer contains links to external websites of third parties, on whose contents we have no influence. Therefore, we cannot assume any liability for these external contents. The respective provider or operator of the pages is always responsible for the content of the linked pages. The linked pages were checked for possible legal violations at the time of linking. Illegal contents were not recognisable at the time of linking.<br \/>However, permanent monitoring of the content of the linked pages is not reasonable without concrete indications of a legal violation. If we become aware of any infringements of the law, we will remove such links immediately.<\/p>\t\t\t\t\t\t\t\t<\/div>\n\t\t\t\t<\/div>\n\t\t\t\t<div class=\"elementor-element elementor-element-c287da8 elementor-widget elementor-widget-heading\" data-id=\"c287da8\" data-element_type=\"widget\" data-widget_type=\"heading.default\">\n\t\t\t\t<div class=\"elementor-widget-container\">\n\t\t\t\t\t<h3 class=\"elementor-heading-title elementor-size-default\">Copyright<\/h3>\t\t\t\t<\/div>\n\t\t\t\t<\/div>\n\t\t\t\t<div class=\"elementor-element elementor-element-c7cd522 elementor-widget elementor-widget-text-editor\" data-id=\"c7cd522\" data-element_type=\"widget\" data-widget_type=\"text-editor.default\">\n\t\t\t\t<div class=\"elementor-widget-container\">\n\t\t\t\t\t\t\t\t\t<p>The content and works created by the site operators on these pages are subject to German copyright law. Duplication, processing, distribution and any kind of exploitation outside the limits of copyright law require the written consent of the respective author or creator. Downloads and copies of this site are only permitted for private, non-commercial use.<br \/>Insofar as the content on this site was not created by the operator, the copyrights of third parties are respected. In particular, third-party content is marked as such. Should you nevertheless become aware of a copyright infringement, please inform us accordingly. If we become aware of any infringements, we will remove such content immediately.<\/p>\t\t\t\t\t\t\t\t<\/div>\n\t\t\t\t<\/div>\n\t\t\t\t\t<\/div>\n\t\t<\/div>\n\t\t\t\t\t<\/div>\n\t\t<\/section>\n\t\t\t\t<\/div>","protected":false},"excerpt":{"rendered":"<p>Impressum Angaben gem\u00e4\u00df \u00a7 5 TMG Stefan WelschElgendorfer Str. 356410 Montabaur Kontakt Telefon: +49 172 77 19 348E-Mail: stefan@welsch-itm.deInternetadresse:\u00a0stefanwelsch.de Verbraucherstreitbeilegung \/Universalschlichtungsstelle Wir sind nicht bereit oder verpflichtet, an Streitbeilegungsverfahren vor einer Verbraucherschlichtungsstelle teilzunehmen. Haftung f\u00fcr Inhalte Als Diensteanbieter sind wir gem\u00e4\u00df \u00a7 7 Abs.1 TMG f\u00fcr eigene Inhalte auf diesen Seiten nach den allgemeinen Gesetzen [&hellip;]<\/p>\n","protected":false},"author":5,"featured_media":0,"parent":0,"menu_order":0,"comment_status":"closed","ping_status":"closed","template":"","meta":{"footnotes":""},"class_list":["post-486","page","type-page","status-publish","hentry"],"yoast_head":"<!-- This site is optimized with the Yoast SEO plugin v27.3 - https:\/\/yoast.com\/product\/yoast-seo-wordpress\/ -->\n<title>Impressum - Alexandertechnik Stefan Welsch<\/title>\n<meta name=\"robots\" content=\"index, follow, max-snippet:-1, max-image-preview:large, max-video-preview:-1\" \/>\n<link rel=\"canonical\" href=\"https:\/\/stefanwelsch.de\/en\/impressum\/\" \/>\n<meta property=\"og:locale\" content=\"en_GB\" \/>\n<meta property=\"og:type\" content=\"article\" \/>\n<meta property=\"og:title\" content=\"Impressum - Alexandertechnik Stefan Welsch\" \/>\n<meta property=\"og:description\" content=\"Impressum Angaben gem\u00e4\u00df \u00a7 5 TMG Stefan WelschElgendorfer Str. 356410 Montabaur Kontakt Telefon: +49 172 77 19 348E-Mail: stefan@welsch-itm.deInternetadresse:\u00a0stefanwelsch.de Verbraucherstreitbeilegung \/Universalschlichtungsstelle Wir sind nicht bereit oder verpflichtet, an Streitbeilegungsverfahren vor einer Verbraucherschlichtungsstelle teilzunehmen. Haftung f\u00fcr Inhalte Als Diensteanbieter sind wir gem\u00e4\u00df \u00a7 7 Abs.1 TMG f\u00fcr eigene Inhalte auf diesen Seiten nach den allgemeinen Gesetzen [&hellip;]\" \/>\n<meta property=\"og:url\" content=\"https:\/\/stefanwelsch.de\/en\/impressum\/\" \/>\n<meta property=\"og:site_name\" content=\"Alexandertechnik Stefan Welsch\" \/>\n<meta property=\"article:modified_time\" content=\"2023-11-22T08:11:11+00:00\" \/>\n<meta name=\"twitter:card\" content=\"summary_large_image\" \/>\n<meta name=\"twitter:label1\" content=\"Estimated reading time\" \/>\n\t<meta name=\"twitter:data1\" content=\"2 minutes\" \/>\n<script type=\"application\/ld+json\" class=\"yoast-schema-graph\">{\"@context\":\"https:\\\/\\\/schema.org\",\"@graph\":[{\"@type\":\"WebPage\",\"@id\":\"https:\\\/\\\/stefanwelsch.de\\\/impressum\",\"url\":\"https:\\\/\\\/stefanwelsch.de\\\/impressum\",\"name\":\"Impressum - Alexandertechnik Stefan Welsch\",\"isPartOf\":{\"@id\":\"https:\\\/\\\/stefanwelsch.de\\\/#website\"},\"datePublished\":\"2023-10-27T13:51:18+00:00\",\"dateModified\":\"2023-11-22T08:11:11+00:00\",\"breadcrumb\":{\"@id\":\"https:\\\/\\\/stefanwelsch.de\\\/impressum#breadcrumb\"},\"inLanguage\":\"en-GB\",\"potentialAction\":[{\"@type\":\"ReadAction\",\"target\":[\"https:\\\/\\\/stefanwelsch.de\\\/impressum\"]}]},{\"@type\":\"BreadcrumbList\",\"@id\":\"https:\\\/\\\/stefanwelsch.de\\\/impressum#breadcrumb\",\"itemListElement\":[{\"@type\":\"ListItem\",\"position\":1,\"name\":\"Startseite\",\"item\":\"https:\\\/\\\/stefanwelsch.de\\\/de\\\/\"},{\"@type\":\"ListItem\",\"position\":2,\"name\":\"Impressum\"}]},{\"@type\":\"WebSite\",\"@id\":\"https:\\\/\\\/stefanwelsch.de\\\/#website\",\"url\":\"https:\\\/\\\/stefanwelsch.de\\\/\",\"name\":\"Alexandertechnik Stefan Welsch\",\"description\":\"Dein Coach f\u00fcr Alexandertechnik und ITM-Workshops\",\"publisher\":{\"@id\":\"https:\\\/\\\/stefanwelsch.de\\\/#organization\"},\"potentialAction\":[{\"@type\":\"SearchAction\",\"target\":{\"@type\":\"EntryPoint\",\"urlTemplate\":\"https:\\\/\\\/stefanwelsch.de\\\/?s={search_term_string}\"},\"query-input\":{\"@type\":\"PropertyValueSpecification\",\"valueRequired\":true,\"valueName\":\"search_term_string\"}}],\"inLanguage\":\"en-GB\"},{\"@type\":\"Organization\",\"@id\":\"https:\\\/\\\/stefanwelsch.de\\\/#organization\",\"name\":\"Alexandertechnik Stefan Welsch\",\"url\":\"https:\\\/\\\/stefanwelsch.de\\\/\",\"logo\":{\"@type\":\"ImageObject\",\"inLanguage\":\"en-GB\",\"@id\":\"https:\\\/\\\/stefanwelsch.de\\\/#\\\/schema\\\/logo\\\/image\\\/\",\"url\":\"https:\\\/\\\/stefanwelsch.de\\\/wp-content\\\/uploads\\\/2023\\\/10\\\/Stefan_Welsch_AT_Logo_RGB.png\",\"contentUrl\":\"https:\\\/\\\/stefanwelsch.de\\\/wp-content\\\/uploads\\\/2023\\\/10\\\/Stefan_Welsch_AT_Logo_RGB.png\",\"width\":920,\"height\":253,\"caption\":\"Alexandertechnik Stefan Welsch\"},\"image\":{\"@id\":\"https:\\\/\\\/stefanwelsch.de\\\/#\\\/schema\\\/logo\\\/image\\\/\"}}]}<\/script>\n<!-- \/ Yoast SEO plugin. -->","yoast_head_json":{"title":"Impressum - Alexandertechnik Stefan Welsch","robots":{"index":"index","follow":"follow","max-snippet":"max-snippet:-1","max-image-preview":"max-image-preview:large","max-video-preview":"max-video-preview:-1"},"canonical":"https:\/\/stefanwelsch.de\/en\/impressum\/","og_locale":"en_GB","og_type":"article","og_title":"Impressum - Alexandertechnik Stefan Welsch","og_description":"Impressum Angaben gem\u00e4\u00df \u00a7 5 TMG Stefan WelschElgendorfer Str. 356410 Montabaur Kontakt Telefon: +49 172 77 19 348E-Mail: stefan@welsch-itm.deInternetadresse:\u00a0stefanwelsch.de Verbraucherstreitbeilegung \/Universalschlichtungsstelle Wir sind nicht bereit oder verpflichtet, an Streitbeilegungsverfahren vor einer Verbraucherschlichtungsstelle teilzunehmen. Haftung f\u00fcr Inhalte Als Diensteanbieter sind wir gem\u00e4\u00df \u00a7 7 Abs.1 TMG f\u00fcr eigene Inhalte auf diesen Seiten nach den allgemeinen Gesetzen [&hellip;]","og_url":"https:\/\/stefanwelsch.de\/en\/impressum\/","og_site_name":"Alexandertechnik Stefan Welsch","article_modified_time":"2023-11-22T08:11:11+00:00","twitter_card":"summary_large_image","twitter_misc":{"Estimated reading time":"2 minutes"},"schema":{"@context":"https:\/\/schema.org","@graph":[{"@type":"WebPage","@id":"https:\/\/stefanwelsch.de\/impressum","url":"https:\/\/stefanwelsch.de\/impressum","name":"Impressum - Alexandertechnik Stefan Welsch","isPartOf":{"@id":"https:\/\/stefanwelsch.de\/#website"},"datePublished":"2023-10-27T13:51:18+00:00","dateModified":"2023-11-22T08:11:11+00:00","breadcrumb":{"@id":"https:\/\/stefanwelsch.de\/impressum#breadcrumb"},"inLanguage":"en-GB","potentialAction":[{"@type":"ReadAction","target":["https:\/\/stefanwelsch.de\/impressum"]}]},{"@type":"BreadcrumbList","@id":"https:\/\/stefanwelsch.de\/impressum#breadcrumb","itemListElement":[{"@type":"ListItem","position":1,"name":"Startseite","item":"https:\/\/stefanwelsch.de\/de\/"},{"@type":"ListItem","position":2,"name":"Impressum"}]},{"@type":"WebSite","@id":"https:\/\/stefanwelsch.de\/#website","url":"https:\/\/stefanwelsch.de\/","name":"Alexandertechnik Stefan Welsch","description":"Dein Coach f\u00fcr Alexandertechnik und ITM-Workshops","publisher":{"@id":"https:\/\/stefanwelsch.de\/#organization"},"potentialAction":[{"@type":"SearchAction","target":{"@type":"EntryPoint","urlTemplate":"https:\/\/stefanwelsch.de\/?s={search_term_string}"},"query-input":{"@type":"PropertyValueSpecification","valueRequired":true,"valueName":"search_term_string"}}],"inLanguage":"en-GB"},{"@type":"Organization","@id":"https:\/\/stefanwelsch.de\/#organization","name":"Alexandertechnik Stefan Welsch","url":"https:\/\/stefanwelsch.de\/","logo":{"@type":"ImageObject","inLanguage":"en-GB","@id":"https:\/\/stefanwelsch.de\/#\/schema\/logo\/image\/","url":"https:\/\/stefanwelsch.de\/wp-content\/uploads\/2023\/10\/Stefan_Welsch_AT_Logo_RGB.png","contentUrl":"https:\/\/stefanwelsch.de\/wp-content\/uploads\/2023\/10\/Stefan_Welsch_AT_Logo_RGB.png","width":920,"height":253,"caption":"Alexandertechnik Stefan Welsch"},"image":{"@id":"https:\/\/stefanwelsch.de\/#\/schema\/logo\/image\/"}}]}},"_links":{"self":[{"href":"https:\/\/stefanwelsch.de\/en\/wp-json\/wp\/v2\/pages\/486","targetHints":{"allow":["GET"]}}],"collection":[{"href":"https:\/\/stefanwelsch.de\/en\/wp-json\/wp\/v2\/pages"}],"about":[{"href":"https:\/\/stefanwelsch.de\/en\/wp-json\/wp\/v2\/types\/page"}],"author":[{"embeddable":true,"href":"https:\/\/stefanwelsch.de\/en\/wp-json\/wp\/v2\/users\/5"}],"replies":[{"embeddable":true,"href":"https:\/\/stefanwelsch.de\/en\/wp-json\/wp\/v2\/comments?post=486"}],"version-history":[{"count":19,"href":"https:\/\/stefanwelsch.de\/en\/wp-json\/wp\/v2\/pages\/486\/revisions"}],"predecessor-version":[{"id":1085,"href":"https:\/\/stefanwelsch.de\/en\/wp-json\/wp\/v2\/pages\/486\/revisions\/1085"}],"wp:attachment":[{"href":"https:\/\/stefanwelsch.de\/en\/wp-json\/wp\/v2\/media?parent=486"}],"curies":[{"name":"wp","href":"https:\/\/api.w.org\/{rel}","templated":true}]}}