{"id":405,"date":"2023-10-26T13:59:37","date_gmt":"2023-10-26T13:59:37","guid":{"rendered":"https:\/\/stefanwelsch.de\/?page_id=405"},"modified":"2023-11-28T09:50:39","modified_gmt":"2023-11-28T09:50:39","slug":"wer-ich-bin","status":"publish","type":"page","link":"https:\/\/stefanwelsch.de\/de\/wer-ich-bin","title":{"rendered":"Wer ich bin"},"content":{"rendered":"\t\t<div data-elementor-type=\"wp-page\" data-elementor-id=\"405\" class=\"elementor elementor-405\" data-elementor-post-type=\"page\">\n\t\t\t\t\t\t<section class=\"elementor-section elementor-top-section elementor-element elementor-element-57cf4191 elementor-reverse-tablet elementor-reverse-mobile elementor-section-boxed elementor-section-height-default elementor-section-height-default\" data-id=\"57cf4191\" data-element_type=\"section\">\n\t\t\t\t\t\t<div class=\"elementor-container elementor-column-gap-default\">\n\t\t\t\t\t<div class=\"elementor-column elementor-col-50 elementor-top-column elementor-element elementor-element-cc47994\" data-id=\"cc47994\" data-element_type=\"column\">\n\t\t\t<div class=\"elementor-widget-wrap elementor-element-populated\">\n\t\t\t\t\t\t<div class=\"elementor-element elementor-element-390e4599 elementor-widget elementor-widget-heading\" data-id=\"390e4599\" data-element_type=\"widget\" data-widget_type=\"heading.default\">\n\t\t\t\t<div class=\"elementor-widget-container\">\n\t\t\t\t\t<h2 class=\"elementor-heading-title elementor-size-default\">Hallo, ich bin Stefan Welsch.<\/h2>\t\t\t\t<\/div>\n\t\t\t\t<\/div>\n\t\t\t\t<div class=\"elementor-element elementor-element-e1d47d0 elementor-widget elementor-widget-heading\" data-id=\"e1d47d0\" data-element_type=\"widget\" data-widget_type=\"heading.default\">\n\t\t\t\t<div class=\"elementor-widget-container\">\n\t\t\t\t\t<h3 class=\"elementor-heading-title elementor-size-default\">Alexander-Technik-Lehrer, Performender Musiker und Cellolehrer<\/h3>\t\t\t\t<\/div>\n\t\t\t\t<\/div>\n\t\t\t\t<div class=\"elementor-element elementor-element-30af4ec elementor-widget elementor-widget-text-editor\" data-id=\"30af4ec\" data-element_type=\"widget\" data-widget_type=\"text-editor.default\">\n\t\t\t\t<div class=\"elementor-widget-container\">\n\t\t\t\t\t\t\t\t\t<p>Mit 31 Jahren Erfahrung in der ITM Alexander-Technik und als qualifizierter ITM Alexander-Technik-Lehrer und Trainer bin ich hier, um Ihnen zu helfen, Ihr Leben zu gestalten und Ihr ganzes Potenzial auszusch\u00f6pfen.<\/p><p>Ebenso bin ich auch als Musiker und Cellolehrer t\u00e4tig.<\/p><p>Mit meiner vielseitigen Lebens- und Berufserfahrung liebe ich es, diese Arbeit Musikern, Sportlern, Gesch\u00e4ftsleuten und allen, die nach Verbesserung ihres Denkens und Handelns suchen, n\u00e4her zu bringen.<\/p><p>Sie k\u00f6nnen einen endlosen Fluss der Verbesserung in ALLEM erleben, was Sie tun.<\/p>\t\t\t\t\t\t\t\t<\/div>\n\t\t\t\t<\/div>\n\t\t\t\t<div class=\"elementor-element elementor-element-17950dfe elementor-widget elementor-widget-heading\" data-id=\"17950dfe\" data-element_type=\"widget\" data-widget_type=\"heading.default\">\n\t\t\t\t<div class=\"elementor-widget-container\">\n\t\t\t\t\t<h3 class=\"elementor-heading-title elementor-size-default\">Ausbildung<\/h3>\t\t\t\t<\/div>\n\t\t\t\t<\/div>\n\t\t\t\t<div class=\"elementor-element elementor-element-240bb64 elementor-widget elementor-widget-text-editor\" data-id=\"240bb64\" data-element_type=\"widget\" data-widget_type=\"text-editor.default\">\n\t\t\t\t<div class=\"elementor-widget-container\">\n\t\t\t\t\t\t\t\t\t<p>2012-2016 absolvierte ich erfolgreich die vierj\u00e4hrige Zusatzausbildung (zus\u00e4tzlich zur vierj\u00e4hrigen Lehrerausbildung von 1997-2001) zum ITM-Alexandertechnik-Trainer und bilde seither neue Lehrer aus.<\/p><p>Meine enorme Begeisterung f\u00fcr diese gro\u00dfartige Arbeit w\u00e4chst weiterhin konstant. Ich liebe es zu sehen, wie andere von der Alexander-Technik profitieren und wie viel sie ihnen bietet &#8211; so viel wie die Alexander-Technik es bereits f\u00fcr mich getan hat und weiterhin tut!<\/p>\t\t\t\t\t\t\t\t<\/div>\n\t\t\t\t<\/div>\n\t\t\t\t\t<\/div>\n\t\t<\/div>\n\t\t\t\t<div class=\"elementor-column elementor-col-50 elementor-top-column elementor-element elementor-element-432bb125\" data-id=\"432bb125\" data-element_type=\"column\" data-settings=\"{&quot;background_background&quot;:&quot;classic&quot;}\">\n\t\t\t<div class=\"elementor-widget-wrap elementor-element-populated\">\n\t\t\t\t\t\t<div class=\"elementor-element elementor-element-f11d3f7 elementor-widget elementor-widget-image\" data-id=\"f11d3f7\" data-element_type=\"widget\" data-widget_type=\"image.default\">\n\t\t\t\t<div class=\"elementor-widget-container\">\n\t\t\t\t\t\t\t\t\t\t\t\t\t\t\t<img fetchpriority=\"high\" decoding=\"async\" width=\"445\" height=\"445\" src=\"https:\/\/stefanwelsch.de\/wp-content\/uploads\/2023\/11\/Stefan_Welsch_Portrait-Quadrat_web-1.jpg\" class=\"attachment-large size-large wp-image-807\" alt=\"Stefan_Welsch_Portrait-Quadrat\" srcset=\"https:\/\/stefanwelsch.de\/wp-content\/uploads\/2023\/11\/Stefan_Welsch_Portrait-Quadrat_web-1.jpg 445w, https:\/\/stefanwelsch.de\/wp-content\/uploads\/2023\/11\/Stefan_Welsch_Portrait-Quadrat_web-1-300x300.jpg 300w, https:\/\/stefanwelsch.de\/wp-content\/uploads\/2023\/11\/Stefan_Welsch_Portrait-Quadrat_web-1-150x150.jpg 150w\" sizes=\"(max-width: 445px) 100vw, 445px\" \/>\t\t\t\t\t\t\t\t\t\t\t\t\t\t\t<\/div>\n\t\t\t\t<\/div>\n\t\t\t\t\t<\/div>\n\t\t<\/div>\n\t\t\t\t\t<\/div>\n\t\t<\/section>\n\t\t\t\t<\/div>\n\t\t","protected":false},"excerpt":{"rendered":"<p>Hallo, ich bin Stefan Welsch. Alexander-Technik-Lehrer, Performender Musiker und Cellolehrer Mit 31 Jahren Erfahrung in der ITM Alexander-Technik und als qualifizierter ITM Alexander-Technik-Lehrer und Trainer bin ich hier, um Ihnen zu helfen, Ihr Leben zu gestalten und Ihr ganzes Potenzial auszusch\u00f6pfen. Ebenso bin ich auch als Musiker und Cellolehrer t\u00e4tig. Mit meiner vielseitigen Lebens- und [&hellip;]<\/p>\n","protected":false},"author":5,"featured_media":0,"parent":0,"menu_order":0,"comment_status":"closed","ping_status":"closed","template":"","meta":{"footnotes":""},"class_list":["post-405","page","type-page","status-publish","hentry"],"yoast_head":"<!-- This site is optimized with the Yoast SEO plugin v27.3 - https:\/\/yoast.com\/product\/yoast-seo-wordpress\/ -->\n<title>Wer ich bin - Alexandertechnik Stefan Welsch<\/title>\n<meta name=\"robots\" content=\"index, follow, max-snippet:-1, max-image-preview:large, max-video-preview:-1\" \/>\n<link rel=\"canonical\" href=\"https:\/\/stefanwelsch.de\/de\/wer-ich-bin\/\" \/>\n<meta property=\"og:locale\" content=\"de_DE\" \/>\n<meta property=\"og:type\" content=\"article\" \/>\n<meta property=\"og:title\" content=\"Wer ich bin - Alexandertechnik Stefan Welsch\" \/>\n<meta property=\"og:description\" content=\"Hallo, ich bin Stefan Welsch. Alexander-Technik-Lehrer, Performender Musiker und Cellolehrer Mit 31 Jahren Erfahrung in der ITM Alexander-Technik und als qualifizierter ITM Alexander-Technik-Lehrer und Trainer bin ich hier, um Ihnen zu helfen, Ihr Leben zu gestalten und Ihr ganzes Potenzial auszusch\u00f6pfen. Ebenso bin ich auch als Musiker und Cellolehrer t\u00e4tig. Mit meiner vielseitigen Lebens- und [&hellip;]\" \/>\n<meta property=\"og:url\" content=\"https:\/\/stefanwelsch.de\/de\/wer-ich-bin\/\" \/>\n<meta property=\"og:site_name\" content=\"Alexandertechnik Stefan Welsch\" \/>\n<meta property=\"article:modified_time\" content=\"2023-11-28T09:50:39+00:00\" \/>\n<meta property=\"og:image\" content=\"https:\/\/stefanwelsch.de\/wp-content\/uploads\/2023\/11\/Stefan_Welsch_Portrait-Quadrat_web-1.jpg\" \/>\n<meta name=\"twitter:card\" content=\"summary_large_image\" \/>\n<meta name=\"twitter:label1\" content=\"Gesch\u00e4tzte Lesezeit\" \/>\n\t<meta name=\"twitter:data1\" content=\"2\u00a0Minuten\" \/>\n<script type=\"application\/ld+json\" class=\"yoast-schema-graph\">{\"@context\":\"https:\\\/\\\/schema.org\",\"@graph\":[{\"@type\":\"WebPage\",\"@id\":\"https:\\\/\\\/stefanwelsch.de\\\/wer-ich-bin\",\"url\":\"https:\\\/\\\/stefanwelsch.de\\\/wer-ich-bin\",\"name\":\"Wer ich bin - Alexandertechnik Stefan Welsch\",\"isPartOf\":{\"@id\":\"https:\\\/\\\/stefanwelsch.de\\\/#website\"},\"primaryImageOfPage\":{\"@id\":\"https:\\\/\\\/stefanwelsch.de\\\/wer-ich-bin#primaryimage\"},\"image\":{\"@id\":\"https:\\\/\\\/stefanwelsch.de\\\/wer-ich-bin#primaryimage\"},\"thumbnailUrl\":\"https:\\\/\\\/stefanwelsch.de\\\/wp-content\\\/uploads\\\/2023\\\/11\\\/Stefan_Welsch_Portrait-Quadrat_web-1.jpg\",\"datePublished\":\"2023-10-26T13:59:37+00:00\",\"dateModified\":\"2023-11-28T09:50:39+00:00\",\"breadcrumb\":{\"@id\":\"https:\\\/\\\/stefanwelsch.de\\\/wer-ich-bin#breadcrumb\"},\"inLanguage\":\"de\",\"potentialAction\":[{\"@type\":\"ReadAction\",\"target\":[\"https:\\\/\\\/stefanwelsch.de\\\/wer-ich-bin\"]}]},{\"@type\":\"ImageObject\",\"inLanguage\":\"de\",\"@id\":\"https:\\\/\\\/stefanwelsch.de\\\/wer-ich-bin#primaryimage\",\"url\":\"https:\\\/\\\/stefanwelsch.de\\\/wp-content\\\/uploads\\\/2023\\\/11\\\/Stefan_Welsch_Portrait-Quadrat_web-1.jpg\",\"contentUrl\":\"https:\\\/\\\/stefanwelsch.de\\\/wp-content\\\/uploads\\\/2023\\\/11\\\/Stefan_Welsch_Portrait-Quadrat_web-1.jpg\"},{\"@type\":\"BreadcrumbList\",\"@id\":\"https:\\\/\\\/stefanwelsch.de\\\/wer-ich-bin#breadcrumb\",\"itemListElement\":[{\"@type\":\"ListItem\",\"position\":1,\"name\":\"Startseite\",\"item\":\"https:\\\/\\\/stefanwelsch.de\\\/de\\\/\"},{\"@type\":\"ListItem\",\"position\":2,\"name\":\"Wer ich bin\"}]},{\"@type\":\"WebSite\",\"@id\":\"https:\\\/\\\/stefanwelsch.de\\\/#website\",\"url\":\"https:\\\/\\\/stefanwelsch.de\\\/\",\"name\":\"Alexandertechnik Stefan Welsch\",\"description\":\"Dein Coach f\u00fcr Alexandertechnik und ITM-Workshops\",\"publisher\":{\"@id\":\"https:\\\/\\\/stefanwelsch.de\\\/#organization\"},\"potentialAction\":[{\"@type\":\"SearchAction\",\"target\":{\"@type\":\"EntryPoint\",\"urlTemplate\":\"https:\\\/\\\/stefanwelsch.de\\\/?s={search_term_string}\"},\"query-input\":{\"@type\":\"PropertyValueSpecification\",\"valueRequired\":true,\"valueName\":\"search_term_string\"}}],\"inLanguage\":\"de\"},{\"@type\":\"Organization\",\"@id\":\"https:\\\/\\\/stefanwelsch.de\\\/#organization\",\"name\":\"Alexandertechnik Stefan Welsch\",\"url\":\"https:\\\/\\\/stefanwelsch.de\\\/\",\"logo\":{\"@type\":\"ImageObject\",\"inLanguage\":\"de\",\"@id\":\"https:\\\/\\\/stefanwelsch.de\\\/#\\\/schema\\\/logo\\\/image\\\/\",\"url\":\"https:\\\/\\\/stefanwelsch.de\\\/wp-content\\\/uploads\\\/2023\\\/10\\\/Stefan_Welsch_AT_Logo_RGB.png\",\"contentUrl\":\"https:\\\/\\\/stefanwelsch.de\\\/wp-content\\\/uploads\\\/2023\\\/10\\\/Stefan_Welsch_AT_Logo_RGB.png\",\"width\":920,\"height\":253,\"caption\":\"Alexandertechnik Stefan Welsch\"},\"image\":{\"@id\":\"https:\\\/\\\/stefanwelsch.de\\\/#\\\/schema\\\/logo\\\/image\\\/\"}}]}<\/script>\n<!-- \/ Yoast SEO plugin. -->","yoast_head_json":{"title":"Wer ich bin - Alexandertechnik Stefan Welsch","robots":{"index":"index","follow":"follow","max-snippet":"max-snippet:-1","max-image-preview":"max-image-preview:large","max-video-preview":"max-video-preview:-1"},"canonical":"https:\/\/stefanwelsch.de\/de\/wer-ich-bin\/","og_locale":"de_DE","og_type":"article","og_title":"Wer ich bin - Alexandertechnik Stefan Welsch","og_description":"Hallo, ich bin Stefan Welsch. Alexander-Technik-Lehrer, Performender Musiker und Cellolehrer Mit 31 Jahren Erfahrung in der ITM Alexander-Technik und als qualifizierter ITM Alexander-Technik-Lehrer und Trainer bin ich hier, um Ihnen zu helfen, Ihr Leben zu gestalten und Ihr ganzes Potenzial auszusch\u00f6pfen. Ebenso bin ich auch als Musiker und Cellolehrer t\u00e4tig. Mit meiner vielseitigen Lebens- und [&hellip;]","og_url":"https:\/\/stefanwelsch.de\/de\/wer-ich-bin\/","og_site_name":"Alexandertechnik Stefan Welsch","article_modified_time":"2023-11-28T09:50:39+00:00","og_image":[{"url":"https:\/\/stefanwelsch.de\/wp-content\/uploads\/2023\/11\/Stefan_Welsch_Portrait-Quadrat_web-1.jpg","type":"","width":"","height":""}],"twitter_card":"summary_large_image","twitter_misc":{"Gesch\u00e4tzte Lesezeit":"2\u00a0Minuten"},"schema":{"@context":"https:\/\/schema.org","@graph":[{"@type":"WebPage","@id":"https:\/\/stefanwelsch.de\/wer-ich-bin","url":"https:\/\/stefanwelsch.de\/wer-ich-bin","name":"Wer ich bin - Alexandertechnik Stefan Welsch","isPartOf":{"@id":"https:\/\/stefanwelsch.de\/#website"},"primaryImageOfPage":{"@id":"https:\/\/stefanwelsch.de\/wer-ich-bin#primaryimage"},"image":{"@id":"https:\/\/stefanwelsch.de\/wer-ich-bin#primaryimage"},"thumbnailUrl":"https:\/\/stefanwelsch.de\/wp-content\/uploads\/2023\/11\/Stefan_Welsch_Portrait-Quadrat_web-1.jpg","datePublished":"2023-10-26T13:59:37+00:00","dateModified":"2023-11-28T09:50:39+00:00","breadcrumb":{"@id":"https:\/\/stefanwelsch.de\/wer-ich-bin#breadcrumb"},"inLanguage":"de","potentialAction":[{"@type":"ReadAction","target":["https:\/\/stefanwelsch.de\/wer-ich-bin"]}]},{"@type":"ImageObject","inLanguage":"de","@id":"https:\/\/stefanwelsch.de\/wer-ich-bin#primaryimage","url":"https:\/\/stefanwelsch.de\/wp-content\/uploads\/2023\/11\/Stefan_Welsch_Portrait-Quadrat_web-1.jpg","contentUrl":"https:\/\/stefanwelsch.de\/wp-content\/uploads\/2023\/11\/Stefan_Welsch_Portrait-Quadrat_web-1.jpg"},{"@type":"BreadcrumbList","@id":"https:\/\/stefanwelsch.de\/wer-ich-bin#breadcrumb","itemListElement":[{"@type":"ListItem","position":1,"name":"Startseite","item":"https:\/\/stefanwelsch.de\/de\/"},{"@type":"ListItem","position":2,"name":"Wer ich bin"}]},{"@type":"WebSite","@id":"https:\/\/stefanwelsch.de\/#website","url":"https:\/\/stefanwelsch.de\/","name":"Alexandertechnik Stefan Welsch","description":"Dein Coach f\u00fcr Alexandertechnik und ITM-Workshops","publisher":{"@id":"https:\/\/stefanwelsch.de\/#organization"},"potentialAction":[{"@type":"SearchAction","target":{"@type":"EntryPoint","urlTemplate":"https:\/\/stefanwelsch.de\/?s={search_term_string}"},"query-input":{"@type":"PropertyValueSpecification","valueRequired":true,"valueName":"search_term_string"}}],"inLanguage":"de"},{"@type":"Organization","@id":"https:\/\/stefanwelsch.de\/#organization","name":"Alexandertechnik Stefan Welsch","url":"https:\/\/stefanwelsch.de\/","logo":{"@type":"ImageObject","inLanguage":"de","@id":"https:\/\/stefanwelsch.de\/#\/schema\/logo\/image\/","url":"https:\/\/stefanwelsch.de\/wp-content\/uploads\/2023\/10\/Stefan_Welsch_AT_Logo_RGB.png","contentUrl":"https:\/\/stefanwelsch.de\/wp-content\/uploads\/2023\/10\/Stefan_Welsch_AT_Logo_RGB.png","width":920,"height":253,"caption":"Alexandertechnik Stefan Welsch"},"image":{"@id":"https:\/\/stefanwelsch.de\/#\/schema\/logo\/image\/"}}]}},"_links":{"self":[{"href":"https:\/\/stefanwelsch.de\/de\/wp-json\/wp\/v2\/pages\/405","targetHints":{"allow":["GET"]}}],"collection":[{"href":"https:\/\/stefanwelsch.de\/de\/wp-json\/wp\/v2\/pages"}],"about":[{"href":"https:\/\/stefanwelsch.de\/de\/wp-json\/wp\/v2\/types\/page"}],"author":[{"embeddable":true,"href":"https:\/\/stefanwelsch.de\/de\/wp-json\/wp\/v2\/users\/5"}],"replies":[{"embeddable":true,"href":"https:\/\/stefanwelsch.de\/de\/wp-json\/wp\/v2\/comments?post=405"}],"version-history":[{"count":40,"href":"https:\/\/stefanwelsch.de\/de\/wp-json\/wp\/v2\/pages\/405\/revisions"}],"predecessor-version":[{"id":1137,"href":"https:\/\/stefanwelsch.de\/de\/wp-json\/wp\/v2\/pages\/405\/revisions\/1137"}],"wp:attachment":[{"href":"https:\/\/stefanwelsch.de\/de\/wp-json\/wp\/v2\/media?parent=405"}],"curies":[{"name":"wp","href":"https:\/\/api.w.org\/{rel}","templated":true}]}}